{"id":16424,"date":"2025-03-04T11:17:00","date_gmt":"2025-03-04T05:17:00","guid":{"rendered":"https:\/\/isoc.kg\/?page_id=16424"},"modified":"2025-03-04T20:04:36","modified_gmt":"2025-03-04T14:04:36","slug":"ai-model-forecasting-natural-disasters-in-the-third-pole","status":"publish","type":"page","link":"https:\/\/isoc.kg\/ru\/ai-model-forecasting-natural-disasters-in-the-third-pole\/","title":{"rendered":"\u0418\u0418 \u043c\u043e\u0434\u0435\u043b\u044c \u043f\u0440\u043e\u0433\u043d\u043e\u0437\u0438\u0440\u043e\u0432\u0430\u043d\u0438\u044f \u0441\u0442\u0438\u0445\u0438\u0439\u043d\u044b\u0445 \u0431\u0435\u0434\u0441\u0442\u0432\u0438\u0439 \u0432 \u0422\u0440\u0435\u0442\u044c\u0435\u043c \u041f\u043e\u043b\u044e\u0441\u0435"},"content":{"rendered":"\t\t<div data-elementor-type=\"wp-page\" data-elementor-id=\"16424\" class=\"elementor elementor-16424\">\n\t\t\t\t\t\t<section class=\"elementor-section elementor-top-section elementor-element elementor-element-b212f6f elementor-section-boxed elementor-section-height-default elementor-section-height-default\" data-id=\"b212f6f\" data-element_type=\"section\" data-e-type=\"section\">\n\t\t\t\t\t\t<div class=\"elementor-container elementor-column-gap-default\">\n\t\t\t\t\t<div class=\"elementor-column elementor-col-100 elementor-top-column elementor-element elementor-element-902c895\" data-id=\"902c895\" data-element_type=\"column\" data-e-type=\"column\">\n\t\t\t<div class=\"elementor-widget-wrap elementor-element-populated\">\n\t\t\t\t\t\t<div class=\"elementor-element elementor-element-a99afd8 elementor-widget elementor-widget-heading\" data-id=\"a99afd8\" data-element_type=\"widget\" data-e-type=\"widget\" data-widget_type=\"heading.default\">\n\t\t\t\t<div class=\"elementor-widget-container\">\n\t\t\t\t\t<h2 class=\"elementor-heading-title elementor-size-default\">Project Description<\/h2>\t\t\t\t<\/div>\n\t\t\t\t<\/div>\n\t\t\t\t\t<\/div>\n\t\t<\/div>\n\t\t\t\t\t<\/div>\n\t\t<\/section>\n\t\t\t\t<section class=\"elementor-section elementor-top-section elementor-element elementor-element-27ce62a elementor-section-boxed elementor-section-height-default elementor-section-height-default\" data-id=\"27ce62a\" data-element_type=\"section\" data-e-type=\"section\">\n\t\t\t\t\t\t<div class=\"elementor-container elementor-column-gap-default\">\n\t\t\t\t\t<div class=\"elementor-column elementor-col-100 elementor-top-column elementor-element elementor-element-cb8d4f2\" data-id=\"cb8d4f2\" data-element_type=\"column\" data-e-type=\"column\">\n\t\t\t<div class=\"elementor-widget-wrap elementor-element-populated\">\n\t\t\t\t\t\t<div class=\"elementor-element elementor-element-b372db3 elementor-widget elementor-widget-text-editor\" data-id=\"b372db3\" data-element_type=\"widget\" data-e-type=\"widget\" data-widget_type=\"text-editor.default\">\n\t\t\t\t<div class=\"elementor-widget-container\">\n\t\t\t\t\t\t\t\t\t<p>The project aims to develop an advanced, AI-driven system for heatwave prediction across different geographies including urban areas, forested regions (e.g., Canada), and high-altitude mountain regions (e.g., Kyrgyzstan). By leveraging state-of-the-art machine learning models, the project will address the increasing frequency and severity of heatwaves and their associated disasters. The outputs will provide actionable early warning systems and insights to prevent associated disasters such as wildfires, floods, landslides, crop failure, and public health crises. The system will provide region-specific insights tailored to diverse geographies, ensuring targeted interventions. This initiative will integrate diverse datasets (e.g., meteorological, geospatial, and vegetation data) into a robust, scalable prediction platform, offering the potential to be fine-tuned in specific disaster datasets to expand into other specific disaster prediction applications.<\/p><p>Related links:<\/p><ul><li>https:\/\/baslangicnoktasi.org\/en\/ai-for-climate\/\u00a0<\/li><li>https:\/\/vectorinstitute.ai\/new-global-climate-action-initiative-harnesses-canadas-ai-expertise\/<\/li><\/ul><p>\u00a0<\/p>\t\t\t\t\t\t\t\t<\/div>\n\t\t\t\t<\/div>\n\t\t\t\t\t<\/div>\n\t\t<\/div>\n\t\t\t\t\t<\/div>\n\t\t<\/section>\n\t\t\t\t<section class=\"elementor-section elementor-top-section elementor-element elementor-element-1aa6f22 elementor-section-boxed elementor-section-height-default elementor-section-height-default\" data-id=\"1aa6f22\" data-element_type=\"section\" data-e-type=\"section\">\n\t\t\t\t\t\t<div class=\"elementor-container elementor-column-gap-default\">\n\t\t\t\t\t<div class=\"elementor-column elementor-col-100 elementor-top-column elementor-element elementor-element-44057de\" data-id=\"44057de\" data-element_type=\"column\" data-e-type=\"column\">\n\t\t\t<div class=\"elementor-widget-wrap elementor-element-populated\">\n\t\t\t\t\t\t<div class=\"elementor-element elementor-element-b70715b elementor-widget elementor-widget-heading\" data-id=\"b70715b\" data-element_type=\"widget\" data-e-type=\"widget\" data-widget_type=\"heading.default\">\n\t\t\t\t<div class=\"elementor-widget-container\">\n\t\t\t\t\t<h2 class=\"elementor-heading-title elementor-size-default\">Heatwave prediction AI model partners<\/h2>\t\t\t\t<\/div>\n\t\t\t\t<\/div>\n\t\t\t\t\t<\/div>\n\t\t<\/div>\n\t\t\t\t\t<\/div>\n\t\t<\/section>\n\t\t\t\t<section class=\"elementor-section elementor-top-section elementor-element elementor-element-9556e1a elementor-section-boxed elementor-section-height-default elementor-section-height-default\" data-id=\"9556e1a\" data-element_type=\"section\" data-e-type=\"section\">\n\t\t\t\t\t\t<div class=\"elementor-container elementor-column-gap-default\">\n\t\t\t\t\t<div class=\"elementor-column elementor-col-33 elementor-top-column elementor-element elementor-element-9b00570\" data-id=\"9b00570\" data-element_type=\"column\" data-e-type=\"column\">\n\t\t\t<div class=\"elementor-widget-wrap elementor-element-populated\">\n\t\t\t\t\t\t<div class=\"elementor-element elementor-element-f134f6b elementor-widget elementor-widget-text-editor\" data-id=\"f134f6b\" data-element_type=\"widget\" data-e-type=\"widget\" data-widget_type=\"text-editor.default\">\n\t\t\t\t<div class=\"elementor-widget-container\">\n\t\t\t\t\t\t\t\t\t<p>Aziz Soltobaev, Internet Society Kyrgyz Chapter<\/p>\t\t\t\t\t\t\t\t<\/div>\n\t\t\t\t<\/div>\n\t\t\t\t\t<\/div>\n\t\t<\/div>\n\t\t\t\t<div class=\"elementor-column elementor-col-33 elementor-top-column elementor-element elementor-element-1d65e4b\" data-id=\"1d65e4b\" data-element_type=\"column\" data-e-type=\"column\">\n\t\t\t<div class=\"elementor-widget-wrap elementor-element-populated\">\n\t\t\t\t\t\t<div class=\"elementor-element elementor-element-b004310 elementor-widget elementor-widget-text-editor\" data-id=\"b004310\" data-element_type=\"widget\" data-e-type=\"widget\" data-widget_type=\"text-editor.default\">\n\t\t\t\t<div class=\"elementor-widget-container\">\n\t\t\t\t\t\t\t\t\t<p>Vector Institute researchers<\/p>\t\t\t\t\t\t\t\t<\/div>\n\t\t\t\t<\/div>\n\t\t\t\t\t<\/div>\n\t\t<\/div>\n\t\t\t\t<div class=\"elementor-column elementor-col-33 elementor-top-column elementor-element elementor-element-5b64303\" data-id=\"5b64303\" data-element_type=\"column\" data-e-type=\"column\">\n\t\t\t<div class=\"elementor-widget-wrap elementor-element-populated\">\n\t\t\t\t\t\t<div class=\"elementor-element elementor-element-5f058ae elementor-widget elementor-widget-text-editor\" data-id=\"5f058ae\" data-element_type=\"widget\" data-e-type=\"widget\" data-widget_type=\"text-editor.default\">\n\t\t\t\t<div class=\"elementor-widget-container\">\n\t\t\t\t\t\t\t\t\t<p>Team of the Global Center for Risk and Innovation (GCRI)<\/p>\t\t\t\t\t\t\t\t<\/div>\n\t\t\t\t<\/div>\n\t\t\t\t\t<\/div>\n\t\t<\/div>\n\t\t\t\t\t<\/div>\n\t\t<\/section>\n\t\t\t\t<section class=\"elementor-section elementor-top-section elementor-element elementor-element-d6f87e8 elementor-section-boxed elementor-section-height-default elementor-section-height-default\" data-id=\"d6f87e8\" data-element_type=\"section\" data-e-type=\"section\">\n\t\t\t\t\t\t<div class=\"elementor-container elementor-column-gap-default\">\n\t\t\t\t\t<div class=\"elementor-column elementor-col-100 elementor-top-column elementor-element elementor-element-c3502ec\" data-id=\"c3502ec\" data-element_type=\"column\" data-e-type=\"column\">\n\t\t\t<div class=\"elementor-widget-wrap elementor-element-populated\">\n\t\t\t\t\t\t<div class=\"elementor-element elementor-element-cb1fd14 elementor-grid-3 elementor-grid-tablet-2 elementor-grid-mobile-1 elementor-posts--thumbnail-top elementor-widget elementor-widget-posts\" data-id=\"cb1fd14\" data-element_type=\"widget\" data-e-type=\"widget\" data-settings=\"{&quot;classic_columns&quot;:&quot;3&quot;,&quot;classic_columns_tablet&quot;:&quot;2&quot;,&quot;classic_columns_mobile&quot;:&quot;1&quot;,&quot;classic_row_gap&quot;:{&quot;unit&quot;:&quot;px&quot;,&quot;size&quot;:35,&quot;sizes&quot;:[]},&quot;classic_row_gap_tablet&quot;:{&quot;unit&quot;:&quot;px&quot;,&quot;size&quot;:&quot;&quot;,&quot;sizes&quot;:[]},&quot;classic_row_gap_mobile&quot;:{&quot;unit&quot;:&quot;px&quot;,&quot;size&quot;:&quot;&quot;,&quot;sizes&quot;:[]}}\" data-widget_type=\"posts.classic\">\n\t\t\t\t<div class=\"elementor-widget-container\">\n\t\t\t\t\t\t\t<div class=\"elementor-posts-container elementor-posts elementor-posts--skin-classic elementor-grid\">\n\t\t\t\t<article class=\"elementor-post elementor-grid-item post-15782 post type-post status-publish format-standard has-post-thumbnail hentry category-iot-lorawan-research category-news tag-isocresearch tag-aimodel\">\n\t\t\t\t<a class=\"elementor-post__thumbnail__link\" href=\"https:\/\/isoc.kg\/ru\/news\/the-role-of-iot-in-forecasting-natural-disasters-explained-in-the-ai-summit-for-climate-action-in-istanbul\/\" >\n\t\t\t<div class=\"elementor-post__thumbnail\"><img decoding=\"async\" width=\"150\" height=\"150\" src=\"https:\/\/isoc.kg\/wp-content\/uploads\/2024\/11\/IMG_5863-resized-150x150.jpg\" class=\"attachment-thumbnail size-thumbnail wp-image-15784\" alt=\"\" \/><\/div>\n\t\t<\/a>\n\t\t\t\t<div class=\"elementor-post__text\">\n\t\t\t\t<h3 class=\"elementor-post__title\">\n\t\t\t<a href=\"https:\/\/isoc.kg\/ru\/news\/the-role-of-iot-in-forecasting-natural-disasters-explained-in-the-ai-summit-for-climate-action-in-istanbul\/\" >\n\t\t\t\t\u0420\u043e\u043b\u044c \u0418\u043d\u0442\u0435\u0440\u043d\u0435\u0442\u0430 \u0432\u0435\u0449\u0435\u0439 \u0432 \u043f\u0440\u043e\u0433\u043d\u043e\u0437\u0438\u0440\u043e\u0432\u0430\u043d\u0438\u0438 \u0441\u0442\u0438\u0445\u0438\u0439\u043d\u044b\u0445 \u0431\u0435\u0434\u0441\u0442\u0432\u0438\u0439 \u0431\u044b\u043b\u0430 \u043f\u0440\u0435\u0437\u0435\u043d\u0442\u043e\u0432\u0430\u043d\u0430 \u043d\u0430 \u0418\u0418 \u0421\u0430\u043c\u043c\u0438\u0442\u0435\t\t\t<\/a>\n\t\t<\/h3>\n\t\t\t\t<div class=\"elementor-post__meta-data\">\n\t\t\t\t\t<span class=\"elementor-post-date\">\n\t\t\t10 \u043d\u043e\u044f\u0431\u0440\u044f, 2024\t\t<\/span>\n\t\t\t\t<\/div>\n\t\t\t\t<div class=\"elementor-post__excerpt\">\n\t\t\t<p>The recent AI Summit for Climate Action showcased an impactful discussion panel titled AI with a Focus on Sustainability Analysis, moderated by Dr. Sedef Ak\u0131nl\u0131 Ko\u00e7ak, Director of Professional Development at the Vector<\/p>\n\t\t<\/div>\n\t\t\t\t\t<div class=\"elementor-post__read-more-wrapper\">\n\t\t\n\t\t<a class=\"elementor-post__read-more\" href=\"https:\/\/isoc.kg\/ru\/news\/the-role-of-iot-in-forecasting-natural-disasters-explained-in-the-ai-summit-for-climate-action-in-istanbul\/\" >\n\t\t\tRead More \u00bb\t\t<\/a>\n\n\t\t\t\t\t<\/div>\n\t\t\t\t<\/div>\n\t\t\t\t<\/article>\n\t\t\t\t<article class=\"elementor-post elementor-grid-item post-15723 post type-post status-publish format-standard has-post-thumbnail hentry category-iot-lorawan-research category-news tag-climatetech tag-aimodel tag-isocresearch tag-responsibleaikg tag-artificial-intelligence\">\n\t\t\t\t<a class=\"elementor-post__thumbnail__link\" href=\"https:\/\/isoc.kg\/ru\/news\/isockg-joined-globalaialliance-forclimateaction\/\" >\n\t\t\t<div class=\"elementor-post__thumbnail\"><img decoding=\"async\" width=\"150\" height=\"150\" src=\"https:\/\/isoc.kg\/wp-content\/uploads\/2024\/10\/IMG_5160-150x150.jpg\" class=\"attachment-thumbnail size-thumbnail wp-image-15725\" alt=\"IoT Infrastructure in Kyrgyzstan\" \/><\/div>\n\t\t<\/a>\n\t\t\t\t<div class=\"elementor-post__text\">\n\t\t\t\t<h3 class=\"elementor-post__title\">\n\t\t\t<a href=\"https:\/\/isoc.kg\/ru\/news\/isockg-joined-globalaialliance-forclimateaction\/\" >\n\t\t\t\tISOC KG \u043f\u0440\u0438\u0441\u043e\u0435\u0434\u0438\u043d\u0438\u043b\u0441\u044f \u043a Global AI Alliance for Climate Action\t\t\t<\/a>\n\t\t<\/h3>\n\t\t\t\t<div class=\"elementor-post__meta-data\">\n\t\t\t\t\t<span class=\"elementor-post-date\">\n\t\t\t6 \u043d\u043e\u044f\u0431\u0440\u044f, 2024\t\t<\/span>\n\t\t\t\t<\/div>\n\t\t\t\t<div class=\"elementor-post__excerpt\">\n\t\t\t<p>ISOC Kyrgyz Chapter is proud to join the Global AI Alliance for Climate Action. As part of the AI Alliance ISOC team lead by the Aziz Soltobaev and research partners from the Vector<\/p>\n\t\t<\/div>\n\t\t\t\t\t<div class=\"elementor-post__read-more-wrapper\">\n\t\t\n\t\t<a class=\"elementor-post__read-more\" href=\"https:\/\/isoc.kg\/ru\/news\/isockg-joined-globalaialliance-forclimateaction\/\" >\n\t\t\tRead More \u00bb\t\t<\/a>\n\n\t\t\t\t\t<\/div>\n\t\t\t\t<\/div>\n\t\t\t\t<\/article>\n\t\t\t\t<\/div>\n\n\n\t\t\n\t\t\t\t\t\t<\/div>\n\t\t\t\t<\/div>\n\t\t\t\t\t<\/div>\n\t\t<\/div>\n\t\t\t\t\t<\/div>\n\t\t<\/section>\n\t\t\t\t<\/div>\n\t\t","protected":false},"excerpt":{"rendered":"<p>Project Description The project aims to develop an advanced, AI-driven system for heatwave prediction across different geographies including urban areas, forested regions (e.g., Canada), and high-altitude mountain regions (e.g., Kyrgyzstan). By leveraging state-of-the-art machine learning models, the project will address the increasing frequency and severity of heatwaves and their associated disasters. The outputs will provide [&hellip;]<\/p>\n","protected":false},"author":13,"featured_media":16425,"parent":0,"menu_order":0,"comment_status":"closed","ping_status":"closed","template":"","meta":{"_acf_changed":false,"footnotes":""},"class_list":["post-16424","page","type-page","status-publish","has-post-thumbnail","hentry"],"translation":{"provider":"WPGlobus","version":"3.0.2","language":"ru","enabled_languages":["en","ru","kg"],"languages":{"en":{"title":true,"content":true,"excerpt":false},"ru":{"title":true,"content":false,"excerpt":false},"kg":{"title":true,"content":false,"excerpt":false}}},"acf":[],"_links":{"self":[{"href":"https:\/\/isoc.kg\/ru\/wp-json\/wp\/v2\/pages\/16424","targetHints":{"allow":["GET"]}}],"collection":[{"href":"https:\/\/isoc.kg\/ru\/wp-json\/wp\/v2\/pages"}],"about":[{"href":"https:\/\/isoc.kg\/ru\/wp-json\/wp\/v2\/types\/page"}],"author":[{"embeddable":true,"href":"https:\/\/isoc.kg\/ru\/wp-json\/wp\/v2\/users\/13"}],"replies":[{"embeddable":true,"href":"https:\/\/isoc.kg\/ru\/wp-json\/wp\/v2\/comments?post=16424"}],"version-history":[{"count":26,"href":"https:\/\/isoc.kg\/ru\/wp-json\/wp\/v2\/pages\/16424\/revisions"}],"predecessor-version":[{"id":16458,"href":"https:\/\/isoc.kg\/ru\/wp-json\/wp\/v2\/pages\/16424\/revisions\/16458"}],"wp:featuredmedia":[{"embeddable":true,"href":"https:\/\/isoc.kg\/ru\/wp-json\/wp\/v2\/media\/16425"}],"wp:attachment":[{"href":"https:\/\/isoc.kg\/ru\/wp-json\/wp\/v2\/media?parent=16424"}],"curies":[{"name":"wp","href":"https:\/\/api.w.org\/{rel}","templated":true}]}}