{"id":3211,"date":"2022-03-17T14:30:23","date_gmt":"2022-03-17T08:30:23","guid":{"rendered":"https:\/\/isoc.kg\/?page_id=3211"},"modified":"2025-03-03T14:13:34","modified_gmt":"2025-03-03T08:13:34","slug":"our-impact-2","status":"publish","type":"page","link":"https:\/\/isoc.kg\/kg\/our-impact-2\/","title":{"rendered":"Kyrgyzstan Chapter Impact"},"content":{"rendered":"<h3 style=\"text-align: center;\">\u00a0The Internet has changed our world for the better<\/h3>\n<p class=\"has-18-font-size\">But it can only enrich our lives when it\u2019s secure and available to everyone, everywhere. Half the world lacks access while, in nearly every corner of the world, ideas are forming that could threaten the Internet as we know it.<\/p>\n<p class=\"has-18-font-size\">We work tirelessly to grow the Internet and make it stronger in Kyrgyzstan. We apply know-how and decades of experience to achieve our vision, which puts people first: The Internet is for everyone.<\/p>\n<h3 style=\"text-align: center;\">ISOC\u00a0 Goals<\/h3>\n<h4>1. Growing the Internet<\/h4>\n<ul>\n<li><span style=\"font-weight: 400;\">Deploying and Growing Community Networks<\/span><\/li>\n<li><span style=\"font-weight: 400;\">Fostering Sustainable Peering Infrastructure<\/span><\/li>\n<li><span style=\"font-weight: 400;\">Enabling Sustainable Technical Community\u00a0<\/span><\/li>\n<li><span style=\"font-weight: 400;\">Measuring the Internet<\/span><\/li>\n<li><span style=\"font-weight: 400;\">Understanding Low Earth Orbit Satellites and Opportunities for the Internet\u00a0\u00a0\u00a0\u00a0\u00a0\u00a0<\/span><\/li>\n<\/ul>\n<h4>2. Strengthening the internet<\/h4>\n<ul>\n<li style=\"font-weight: 400;\" aria-level=\"1\"><span style=\"font-weight: 400;\">Promoting Internet Way of Networking (IWN)<\/span><\/li>\n<li style=\"font-weight: 400;\" aria-level=\"1\"><span style=\"font-weight: 400;\">Extending Encryption<\/span><\/li>\n<li style=\"font-weight: 400;\" aria-level=\"1\"><span style=\"font-weight: 400;\">Securing Global Routing<\/span><\/li>\n<li style=\"font-weight: 400;\" aria-level=\"1\"><span style=\"font-weight: 400;\">Sharing Cutting Edge Knowledge at NDSS<\/span><\/li>\n<li style=\"font-weight: 400;\" aria-level=\"1\"><span style=\"font-weight: 400;\">Exploring Digital Sovereignty and Opportunities for the Internet\u00a0<\/span><\/li>\n<\/ul>\n<h4>3. Empowering people to take action<\/h4>\n<ul>\n<li style=\"font-weight: 400;\" aria-level=\"1\"><span style=\"font-weight: 400;\">Sharing Knowledge Globally to Inspire Action Locally<\/span><\/li>\n<li style=\"font-weight: 400;\" aria-level=\"1\"><span style=\"font-weight: 400;\">Building Structure and Strength in Special Interest Groups<\/span><\/li>\n<li style=\"font-weight: 400;\" aria-level=\"1\"><span style=\"font-weight: 400;\">Mobilizing Individual Members<\/span><\/li>\n<li style=\"font-weight: 400;\" aria-level=\"1\"><span style=\"font-weight: 400;\">Securing Resources for Growth and Greater Impact\u00a0<\/span><\/li>\n<li style=\"font-weight: 400;\" aria-level=\"1\"><span style=\"font-weight: 400;\">Driving Action through Knowledge<\/span><\/li>\n<li style=\"font-weight: 400;\" aria-level=\"1\"><span style=\"font-weight: 400;\">Empowering Internet Advocates\u00a0\u00a0<\/span><\/li>\n<\/ul>\n<p>&nbsp;<\/p>\n<h3 style=\"text-align: center;\">What do we do to reach these goals?<\/h3>\n<p>&nbsp;<\/p>\n<h4>1. Growing the internet<\/h4>\n<ul>\n<li><span style=\"font-weight: 400;\"><strong>School Connectivity.<\/strong> In an effort to provide Internet access for<br \/>\neveryone, we have established cooperation with the GIGA Global Initiative to Connect all Schools to the Internet by issuing a guide and sharing our experience. <\/span><span style=\"font-weight: 400;\">Many students and teachers suffer from insufficient internet in their schools. As a result, they cannot watch educational materials, connect with friends. Furthermore, during the pandemic, these students and teachers could not study and teach. The team of ISOC chapter Kyrgyzstan focuses on providing internet for schools and educational institutes in remote areas.\u00a0<\/span><\/li>\n<\/ul>\n<p>&nbsp;<\/p>\n<h3 style=\"text-align: center;\"><img fetchpriority=\"high\" decoding=\"async\" class=\"wp-image-3508 alignnone\" src=\"https:\/\/isoc.kg\/wp-content\/uploads\/2022\/03\/msg513681193-18901-300x225.jpg\" alt=\"\" width=\"706\" height=\"531\" srcset=\"https:\/\/isoc.kg\/wp-content\/uploads\/2022\/03\/msg513681193-18901-300x225.jpg 300w, https:\/\/isoc.kg\/wp-content\/uploads\/2022\/03\/msg513681193-18901-768x576.jpg 768w, https:\/\/isoc.kg\/wp-content\/uploads\/2022\/03\/msg513681193-18901-1024x768.jpg 1024w, https:\/\/isoc.kg\/wp-content\/uploads\/2022\/03\/msg513681193-18901.jpg 1080w\" sizes=\"(max-width: 706px) 100vw, 706px\" \/><\/h3>\n<p>&nbsp;<\/p>\n<ul>\n<li><span style=\"font-weight: 400;\"><strong>FV-IXP. <\/strong><\/span>We provide better accessibility of the Internet in Ferghana Valley, the most densely populated region of Central Asia, located in Kyrgyzstan, Uzbekistan, and Tajikistan. Internet Exchange Point Project with the location in Osh city (Kyrgyzstan) is aimed to increase regional cross-border collaboration between stakeholders and communication of people through the increase of Internet affordability by lower internet service tariff plans up to 3 times, multiple growths of Internet traffic exchange in the region, increase Internet penetration rate due to price reduction, better latency for international and regional content sources.<span style=\"font-weight: 400;\">Results of the action:<\/span><span style=\"font-weight: 400;\">1) Increased internet speed by internet service providers 3-5 times;<\/span><span style=\"font-weight: 400;\">2) Decreased internet prices for entrant level Internet access to 2.5-3 times;<\/span><span style=\"font-weight: 400;\">3) Growth of internet consumption in the region;<\/span><\/li>\n<\/ul>\n<ol>\n<li style=\"text-align: left;\"><span style=\"font-weight: 400;\">Growth of the number of fixed-broadband subscriptions;<\/span><\/li>\n<li style=\"text-align: left;\"><span style=\"font-weight: 400;\">Growth of electronic commerce via messengers, email, and online mark<br \/>\netplaces<\/span><\/li>\n<li style=\"text-align: left;\"><span style=\"font-weight: 400;\">Growth of ICT specialists in the region<\/span><\/li>\n<li style=\"text-align: left;\"><span style=\"font-weight: 400;\">Improve in QoS (latency)<\/span><\/li>\n<\/ol>\n<p>&nbsp;<\/p>\n<h3 style=\"text-align: center;\"><img decoding=\"async\" class=\"wp-image-3495 alignnone\" src=\"https:\/\/isoc.kg\/wp-content\/uploads\/2022\/03\/imgonline-com-ua-Resize-mUU5KItPEcAu-300x225.png\" alt=\"\" width=\"706\" height=\"531\" srcset=\"https:\/\/isoc.kg\/wp-content\/uploads\/2022\/03\/imgonline-com-ua-Resize-mUU5KItPEcAu-300x225.png 300w, https:\/\/isoc.kg\/wp-content\/uploads\/2022\/03\/imgonline-com-ua-Resize-mUU5KItPEcAu-768x576.png 768w, https:\/\/isoc.kg\/wp-content\/uploads\/2022\/03\/imgonline-com-ua-Resize-mUU5KItPEcAu-1024x768.png 1024w, https:\/\/isoc.kg\/wp-content\/uploads\/2022\/03\/imgonline-com-ua-Resize-mUU5KItPEcAu.png 1440w\" sizes=\"(max-width: 706px) 100vw, 706px\" \/><\/h3>\n<p>&nbsp;<\/p>\n<ul>\n<li><strong>Community Network.<\/strong> We provide accessible internet in remote villages in Kyrgyzstan. The project aims to install radio receivers for wireless internet, so residents of remote areas can utilize high-speed internet without effort.\u00a0We started from Suusamyr, continued to Zardaly and plan to connect the villages of Kyzyl-Oi, Ak-Shyrak and Enilchek by building community Internet networks.<\/li>\n<\/ul>\n<p>&nbsp;<\/p>\n<h3 style=\"text-align: center;\"><img decoding=\"async\" class=\"wp-image-3523 aligncenter\" src=\"https:\/\/isoc.kg\/wp-content\/uploads\/2022\/03\/IMG_0495-300x200.jpg\" alt=\"\" width=\"682\" height=\"454\" srcset=\"https:\/\/isoc.kg\/wp-content\/uploads\/2022\/03\/IMG_0495-300x200.jpg 300w, https:\/\/isoc.kg\/wp-content\/uploads\/2022\/03\/IMG_0495-768x512.jpg 768w, https:\/\/isoc.kg\/wp-content\/uploads\/2022\/03\/IMG_0495-1024x683.jpg 1024w\" sizes=\"(max-width: 682px) 100vw, 682px\" \/><\/h3>\n<p>&nbsp;<\/p>\n<h4>2. Strengthening the internet<\/h4>\n<p>&nbsp;<\/p>\n<ul>\n<li style=\"font-weight: 400;\" aria-level=\"1\"><span style=\"font-weight: 400;\"><strong>Sanarip Insan<\/strong>. \u201cSanarip Insan\u201d is a project to educate people on digital skills. The main goal of the project is to teach citizens digital literacy skills such as usage of Google platforms, creation of email, or digital security on the internet. The target audience is women and youth. It teaches citizens digital skills, which are\u00a0now firmly entrenched in daily living. Our potential audiences start basic technological education at first, continually improving learning techniques to support their personal and career growth.\u00a0<\/span><\/li>\n<\/ul>\n<p>&nbsp;<\/p>\n<ul>\n<li><strong>Data Protection and Privacy.<\/strong> It provides special skills in cybersecurity and educates journalists, government officers, and other citizens. It is essential for all citizens to learn the methods of cybersecurity since it protects all categories of data from theft and damage. We are developing a framework reflecting the best practices of citizens that have managed and built excellent cybersecurity culture through educating and training users in a security-aware way of working.<\/li>\n<\/ul>\n<p>&nbsp;<\/p>\n<h3 style=\"text-align: center;\"><img loading=\"lazy\" decoding=\"async\" class=\"wp-image-3190 aligncenter\" src=\"https:\/\/isoc.kg\/wp-content\/uploads\/2022\/03\/WhatsApp-Image-2022-02-25-at-8.50.07-PM-4-300x225.jpeg\" alt=\"\" width=\"658\" height=\"494\" srcset=\"https:\/\/isoc.kg\/wp-content\/uploads\/2022\/03\/WhatsApp-Image-2022-02-25-at-8.50.07-PM-4-300x225.jpeg 300w, https:\/\/isoc.kg\/wp-content\/uploads\/2022\/03\/WhatsApp-Image-2022-02-25-at-8.50.07-PM-4-768x576.jpeg 768w, https:\/\/isoc.kg\/wp-content\/uploads\/2022\/03\/WhatsApp-Image-2022-02-25-at-8.50.07-PM-4.jpeg 1000w\" sizes=\"(max-width: 658px) 100vw, 658px\" \/><\/h3>\n<p>&nbsp;<\/p>\n<h4>3.Empowering people to take action<\/h4>\n<p>&nbsp;<\/p>\n<ul>\n<li><span style=\"font-weight: 400;\"><strong>Ilimbox &#8211; Internet in a Box for schools in Kyrgyzstan.<\/strong> When schools switched to online education due to the pandemic, teachers and young people in many rural schools were left without access to education due to the lack of the Internet. Our team rushed to help in the most remote areas and delivered Ilim Box, digital libraries that operate without Internet access and contain educational materials such as e-books, video courses, Wikipedia, and Khan Academy in Kyrgyz. The Ilimbox project was included in the list of seven global initiatives in the field of digital education by the Thomson Reuters Foundation. <\/span><span style=\"font-weight: 400;\">ISOC-Kyrgyz Chapter had installed fifty devices of Ilimbox in understaffed and under-equipped rural schools in the northern provinces of Kyrgyz Republic.\u00a0 <\/span>Ilimboxes had been demonstrated in the halls of schools for teachers and students from the 6-10th classes. Public had positively welcomed this initiative and fully supported it in places. Teachers found materials very useful for preparing class materials and assignments, while school children asked to upload additional textbooks and materials that initially were not installed in Orange Pie devices. Based on their user feedback, the team took a pause in Ilimbox distribution for the time of spring recess in schools and had been working with different stakeholders to receive permits for sharing their textbooks and educational materials. The software part had been completely redesigned, user interfaces changed and overall product recognition improved. Starting from the new academic year in September, the team had traveled across the region, made presentations, training sessions, and distributed three-fourths of the devices for users. There are about 25 thousand students and teachers who benefited from the installation of fifty devices and the accomplishment of the project.<\/li>\n<\/ul>\n<p>&nbsp;<\/p>\n<h3 style=\"text-align: center;\"><img loading=\"lazy\" decoding=\"async\" class=\"\" src=\"https:\/\/avatars.mds.yandex.net\/i?id=7c12870dfd35dd7bdb5cb1615b4e17c7-5844089-images-thumbs&#038;n=13\" alt=\"...giri\u015fimci bir e\u015fek ile Covid d\u00f6neminde \u00f6\u011frencilerin e\u011fitimsiz kalmamalar...\" width=\"622\" height=\"414\" \/><\/h3>\n<p>&nbsp;<\/p>\n<ul>\n<li style=\"font-weight: 400;\" aria-level=\"1\"><span style=\"font-weight: 400;\"><span style=\"font-weight: 400;\"><strong>Ilimbox &#8211; Educational Platform for Secondary Schools.<\/strong> Based on the success of Ilimbox, we have reached the next level and created an online school IlimBox.kg, where teachers and students can get online access to all school subjects with video tutorials, tests, textbooks, and other interactive materials.\u00a0 Ilimbox&#8217;s online education platform helps the Ministry of Education in digital transformation of the education system, adaptation of their standards and curriculum, and open new ways for learning and reaching out to school-age children even in remote areas of the country as well as from underserved and vulnerable communities. Migrant parents could watch the progress of their kids and join remotely to classroom events, for example. Ilimbox plans to continue developing by opening platforms to third-party publishers and development partners (US Embassy, WB, ADB, UNDP, UNICEF, independent) who would like to provide additional learning materials for children. Ilimbox will keep its sustainability by keeping fees from new publishers and authors for covering maintenance and R&#038;D costs.<\/span><\/span><\/li>\n<\/ul>\n<ol>\n<li><span style=\"font-weight: 400;\">\u00a0To deploy Moodle open-source solution on ilimbox.kg website and customize it in user-friendly way (mobile); <\/span><\/li>\n<li><span style=\"font-weight: 400;\">\u00a0Upload and structure all available learning materials on one platform organized by classes, school curriculum, competencies;\u2002<\/span><\/li>\n<li><span style=\"font-weight: 400;\">\u00a0Convert all textbooks from pdf to machine-friendly format so that it would be easy to search required text, read it, increase th font of the text, etc. <\/span><\/li>\n<li><span style=\"font-weight: 400;\">\u00a0Provide video conferencing tools on the platform.\u00a0 \u00a0\u00a0<\/span><\/li>\n<\/ol>\n<p>&nbsp;<\/p>\n<p style=\"text-align: center;\"><img loading=\"lazy\" decoding=\"async\" class=\"alignnone wp-image-3535\" src=\"https:\/\/isoc.kg\/wp-content\/uploads\/2022\/03\/027A0652-300x205.jpg\" alt=\"\" width=\"583\" height=\"397\" srcset=\"https:\/\/isoc.kg\/wp-content\/uploads\/2022\/03\/027A0652-300x205.jpg 300w, https:\/\/isoc.kg\/wp-content\/uploads\/2022\/03\/027A0652-768x524.jpg 768w, https:\/\/isoc.kg\/wp-content\/uploads\/2022\/03\/027A0652-1024x698.jpg 1024w\" sizes=\"(max-width: 583px) 100vw, 583px\" \/><\/p>\n<p>&nbsp;<\/p>\n<ul>\n<li style=\"font-weight: 400;\" aria-level=\"1\"><span style=\"font-weight: 400;\"><strong>Online STEM experiments.<\/strong> Realizing that schools in rural regions often lack materials for scientific experiments, we publish thousands of online experiments in physics and chemistry in Kyrgyz available on our YouTube channel.<\/span><\/li>\n<\/ul>\n<h3 style=\"text-align: center;\"><img loading=\"lazy\" decoding=\"async\" class=\" wp-image-3544 aligncenter\" src=\"https:\/\/isoc.kg\/wp-content\/uploads\/2022\/03\/image_2022-03-28_16-49-15-300x138.png\" alt=\"\" width=\"605\" height=\"278\" srcset=\"https:\/\/isoc.kg\/wp-content\/uploads\/2022\/03\/image_2022-03-28_16-49-15-300x138.png 300w, https:\/\/isoc.kg\/wp-content\/uploads\/2022\/03\/image_2022-03-28_16-49-15-768x353.png 768w, https:\/\/isoc.kg\/wp-content\/uploads\/2022\/03\/image_2022-03-28_16-49-15-1024x470.png 1024w, https:\/\/isoc.kg\/wp-content\/uploads\/2022\/03\/image_2022-03-28_16-49-15.png 1390w\" sizes=\"(max-width: 605px) 100vw, 605px\" \/> <\/h3>\n","protected":false},"excerpt":{"rendered":"<p>\u00a0The Internet has changed our world for the better But it can only enrich our lives when it\u2019s secure and available to everyone, everywhere. Half the world lacks access while, in nearly every corner of the world, ideas are forming that could threaten the Internet as we know it. We work tirelessly to grow the [&hellip;]<\/p>\n","protected":false},"author":14,"featured_media":3459,"parent":0,"menu_order":0,"comment_status":"closed","ping_status":"closed","template":"elementor_header_footer","meta":{"_acf_changed":false,"footnotes":""},"class_list":["post-3211","page","type-page","status-publish","has-post-thumbnail","hentry"],"translation":{"provider":"WPGlobus","version":"3.0.2","language":"kg","enabled_languages":["en","ru","kg"],"languages":{"en":{"title":true,"content":true,"excerpt":false},"ru":{"title":true,"content":true,"excerpt":false},"kg":{"title":false,"content":false,"excerpt":false}}},"acf":[],"_links":{"self":[{"href":"https:\/\/isoc.kg\/kg\/wp-json\/wp\/v2\/pages\/3211","targetHints":{"allow":["GET"]}}],"collection":[{"href":"https:\/\/isoc.kg\/kg\/wp-json\/wp\/v2\/pages"}],"about":[{"href":"https:\/\/isoc.kg\/kg\/wp-json\/wp\/v2\/types\/page"}],"author":[{"embeddable":true,"href":"https:\/\/isoc.kg\/kg\/wp-json\/wp\/v2\/users\/14"}],"replies":[{"embeddable":true,"href":"https:\/\/isoc.kg\/kg\/wp-json\/wp\/v2\/comments?post=3211"}],"version-history":[{"count":7,"href":"https:\/\/isoc.kg\/kg\/wp-json\/wp\/v2\/pages\/3211\/revisions"}],"predecessor-version":[{"id":16391,"href":"https:\/\/isoc.kg\/kg\/wp-json\/wp\/v2\/pages\/3211\/revisions\/16391"}],"wp:featuredmedia":[{"embeddable":true,"href":"https:\/\/isoc.kg\/kg\/wp-json\/wp\/v2\/media\/3459"}],"wp:attachment":[{"href":"https:\/\/isoc.kg\/kg\/wp-json\/wp\/v2\/media?parent=3211"}],"curies":[{"name":"wp","href":"https:\/\/api.w.org\/{rel}","templated":true}]}}